{"id":4162,"date":"2024-06-03T07:38:20","date_gmt":"2024-06-03T07:38:20","guid":{"rendered":"https:\/\/international-network-populism.net\/?page_id=4162"},"modified":"2024-06-03T07:42:57","modified_gmt":"2024-06-03T07:42:57","slug":"members_minelli","status":"publish","type":"page","link":"https:\/\/international-network-populism.net\/en\/members_minelli\/","title":{"rendered":"Members_Minelli"},"content":{"rendered":"<div data-elementor-type=\"wp-page\" data-elementor-id=\"4162\" class=\"elementor elementor-4162\">\n\t\t\t\t\t\t<section class=\"elementor-section elementor-top-section elementor-element elementor-element-374202e elementor-section-height-min-height elementor-section-boxed elementor-section-height-default elementor-section-items-middle\" data-id=\"374202e\" data-element_type=\"section\" data-e-type=\"section\" data-settings=\"{&quot;background_background&quot;:&quot;classic&quot;}\">\n\t\t\t\t\t\t<div class=\"elementor-container elementor-column-gap-default\">\n\t\t\t\t\t<div class=\"elementor-column elementor-col-100 elementor-top-column elementor-element elementor-element-51a71145\" data-id=\"51a71145\" data-element_type=\"column\" data-e-type=\"column\">\n\t\t\t<div class=\"elementor-widget-wrap\">\n\t\t\t\t\t\t\t<\/div>\n\t\t<\/div>\n\t\t\t\t\t<\/div>\n\t\t<\/section>\n\t\t\t\t<section class=\"elementor-section elementor-top-section elementor-element elementor-element-437632a0 elementor-section-content-middle elementor-section-boxed elementor-section-height-default elementor-section-height-default\" data-id=\"437632a0\" data-element_type=\"section\" data-e-type=\"section\" data-settings=\"{&quot;background_background&quot;:&quot;classic&quot;}\">\n\t\t\t\t\t\t\t<div class=\"elementor-background-overlay\"><\/div>\n\t\t\t\t\t\t\t<div class=\"elementor-container elementor-column-gap-custom\">\n\t\t\t\t\t<div class=\"elementor-column elementor-col-100 elementor-top-column elementor-element elementor-element-2a405969\" data-id=\"2a405969\" data-element_type=\"column\" data-e-type=\"column\" data-settings=\"{&quot;background_background&quot;:&quot;classic&quot;}\">\n\t\t\t<div class=\"elementor-widget-wrap elementor-element-populated\">\n\t\t\t\t\t\t<div class=\"elementor-element elementor-element-7be49041 elementor-widget elementor-widget-spacer\" data-id=\"7be49041\" data-element_type=\"widget\" data-e-type=\"widget\" data-widget_type=\"spacer.default\">\n\t\t\t\t<div class=\"elementor-widget-container\">\n\t\t\t\t\t\t\t<div class=\"elementor-spacer\">\n\t\t\t<div class=\"elementor-spacer-inner\"><\/div>\n\t\t<\/div>\n\t\t\t\t\t\t<\/div>\n\t\t\t\t<\/div>\n\t\t\t\t<div class=\"elementor-element elementor-element-7a74a1b1 elementor-widget elementor-widget-spacer\" data-id=\"7a74a1b1\" data-element_type=\"widget\" data-e-type=\"widget\" data-widget_type=\"spacer.default\">\n\t\t\t\t<div class=\"elementor-widget-container\">\n\t\t\t\t\t\t\t<div class=\"elementor-spacer\">\n\t\t\t<div class=\"elementor-spacer-inner\"><\/div>\n\t\t<\/div>\n\t\t\t\t\t\t<\/div>\n\t\t\t\t<\/div>\n\t\t\t\t<section class=\"elementor-section elementor-inner-section elementor-element elementor-element-25522db4 elementor-section-full_width elementor-section-height-default elementor-section-height-default\" data-id=\"25522db4\" data-element_type=\"section\" data-e-type=\"section\">\n\t\t\t\t\t\t<div class=\"elementor-container elementor-column-gap-default\">\n\t\t\t\t\t<div class=\"elementor-column elementor-col-50 elementor-inner-column elementor-element elementor-element-59e57f0c\" data-id=\"59e57f0c\" data-element_type=\"column\" data-e-type=\"column\">\n\t\t\t<div class=\"elementor-widget-wrap elementor-element-populated\">\n\t\t\t\t\t\t<div class=\"elementor-element elementor-element-2e944a5f elementor-widget elementor-widget-image\" data-id=\"2e944a5f\" data-element_type=\"widget\" data-e-type=\"widget\" data-widget_type=\"image.default\">\n\t\t\t\t<div class=\"elementor-widget-container\">\n\t\t\t\t\t\t\t\t\t\t\t\t\t\t\t<img decoding=\"async\" src=\"https:\/\/international-network-populism.net\/wp-content\/uploads\/elementor\/thumbs\/Minelli-e1733481082760-qy3t1k57uarmauknmuniraxcu8987ysodbszzcnieg.png\" title=\"Minelli\" alt=\"Minelli\" loading=\"lazy\" \/>\t\t\t\t\t\t\t\t\t\t\t\t\t\t\t<\/div>\n\t\t\t\t<\/div>\n\t\t\t\t<div class=\"elementor-element elementor-element-ec0c7dd elementor-widget elementor-widget-text-editor\" data-id=\"ec0c7dd\" data-element_type=\"widget\" data-e-type=\"widget\" data-widget_type=\"text-editor.default\">\n\t\t\t\t<div class=\"elementor-widget-container\">\n\t\t\t\t\t\t\t\t\t<p><a href=\"https:\/\/www.politik.uni-kiel.de\/de\/personal\/wiss-personal\/sara-minelli-m-a\" target=\"_blank\" rel=\"noopener\">Sara Minelli<br \/>(Coordinator)<\/a><\/p>\t\t\t\t\t\t\t\t<\/div>\n\t\t\t\t<\/div>\n\t\t\t\t<div class=\"elementor-element elementor-element-1b5ecb2b elementor-align-center elementor-widget__width-initial elementor-widget elementor-widget-button\" data-id=\"1b5ecb2b\" data-element_type=\"widget\" data-e-type=\"widget\" data-widget_type=\"button.default\">\n\t\t\t\t<div class=\"elementor-widget-container\">\n\t\t\t\t\t\t\t\t\t<div class=\"elementor-button-wrapper\">\n\t\t\t\t\t<a class=\"elementor-button elementor-button-link elementor-size-xs elementor-animation-hang\" href=\"https:\/\/www.politik.uni-kiel.de\/de\/personal\/wiss-personal\/sara-minelli-m-a\" target=\"_blank\">\n\t\t\t\t\t\t<span class=\"elementor-button-content-wrapper\">\n\t\t\t\t\t\t\t\t\t<span class=\"elementor-button-text\">Learn More<\/span>\n\t\t\t\t\t<\/span>\n\t\t\t\t\t<\/a>\n\t\t\t\t<\/div>\n\t\t\t\t\t\t\t\t<\/div>\n\t\t\t\t<\/div>\n\t\t\t\t\t<\/div>\n\t\t<\/div>\n\t\t\t\t<div class=\"elementor-column elementor-col-50 elementor-inner-column elementor-element elementor-element-63706865\" data-id=\"63706865\" data-element_type=\"column\" data-e-type=\"column\">\n\t\t\t<div class=\"elementor-widget-wrap elementor-element-populated\">\n\t\t\t\t\t\t<div class=\"elementor-element elementor-element-52ae4a48 elementor-widget elementor-widget-spacer\" data-id=\"52ae4a48\" data-element_type=\"widget\" data-e-type=\"widget\" data-widget_type=\"spacer.default\">\n\t\t\t\t<div class=\"elementor-widget-container\">\n\t\t\t\t\t\t\t<div class=\"elementor-spacer\">\n\t\t\t<div class=\"elementor-spacer-inner\"><\/div>\n\t\t<\/div>\n\t\t\t\t\t\t<\/div>\n\t\t\t\t<\/div>\n\t\t\t\t<div class=\"elementor-element elementor-element-5ad1091e elementor-widget__width-initial elementor-widget elementor-widget-eael-adv-accordion\" data-id=\"5ad1091e\" data-element_type=\"widget\" data-e-type=\"widget\" data-widget_type=\"eael-adv-accordion.default\">\n\t\t\t\t<div class=\"elementor-widget-container\">\n\t\t\t\t\t            <div class=\"eael-adv-accordion\" id=\"eael-adv-accordion-5ad1091e\" data-scroll-on-click=\"no\" data-scroll-speed=\"300\" data-accordion-id=\"5ad1091e\" data-accordion-type=\"toggle\" data-toogle-speed=\"300\">\n            <div class=\"eael-accordion-list\">\n\t\t\t\t\t<div id=\"ber-mich\" class=\"elementor-tab-title eael-accordion-header\" tabindex=\"0\" data-tab=\"1\" aria-controls=\"elementor-tab-content-1521\"><p class=\"eael-accordion-tab-title\">About me<\/p><i aria-hidden=\"true\" class=\"fa-toggle fas fa-angle-right\"><\/i><\/div><div id=\"elementor-tab-content-1521\" class=\"eael-accordion-content clearfix\" data-tab=\"1\" aria-labelledby=\"ber-mich\"><p class=\"translation-block\">Since 2019, Sara Minelli is a postdoc researcher in the <a href=\"https:\/\/www.politik.uni-kiel.de\/de\/personal\/wiss-personal\/sara-minelli-m-a\" target=\"_self\">research area<\/a> \nof \u201ePolitical Theory, History of Ideas and Political Culture\u201d and coordinator of the International Populism Research at Kiel University. She is an associated researcher at the Franco-German research institution <a href=\"https:\/\/cmb.hu-berlin.de\/en\/team\/profil\/sara-minelli\" target=\"_self\">Centre Marc Bloch<\/a> in Berlin and at the Centre des Savoirs sur le Politique - Recherches et Analyses (<a href=\"https:\/\/cespra.ehess.fr\/\" target=\"_self\">CESPRA<\/a>) at the \u00c9cole des Hautes \u00c9tudes en Sciences Sociales in Paris.<\/p><p class=\"translation-block\">Her <a href=\"https:\/\/theses.fr\/2022EHES0102\" target=\"_self\">PhD thesis<\/a> \u201ePolitiques du mythe au 20\u00e8me si\u00e8cle, entre fascisme et critique\u201c (Politics of myth in the 20th century, between fascism and critique - 2022, EHESS) investigates with the politicisation of myth and the mythification of politics in the early twentieth century. The dissertation reconstructs the history of the idea of a \u2018political myth\u2019 and develops a philosophical critique of myth in politics drawing on the theories of Ernst Cassirer, Ernst Bloch, Theodor W. Adorno and Max Horkheimer, among others.<\/p><\/div>\n\t\t\t\t\t<\/div><div class=\"eael-accordion-list\">\n\t\t\t\t\t<div id=\"publikationen\" class=\"elementor-tab-title eael-accordion-header\" tabindex=\"0\" data-tab=\"2\" aria-controls=\"elementor-tab-content-1522\"><p class=\"eael-accordion-tab-title\">Publications<\/p><i aria-hidden=\"true\" class=\"fa-toggle fas fa-angle-right\"><\/i><\/div><div id=\"elementor-tab-content-1522\" class=\"eael-accordion-content clearfix\" data-tab=\"2\" aria-labelledby=\"publikationen\"><p><strong>Articles <\/strong><\/p><p>Minelli, Sara (2023): Die Ambivalenz des \u2018politischen Mythos\u2019 am Beispiel des Faschismus. In: T. Adler-Bartels, Tobias\/Altenburger, Sven\/Frick, Verena\/Schottdorf, Tobias\/Stein, Tine (eds.): Politische Grundbegriffe im 21. Jahrhundert. Baden-Baden (Nomos).\u00a0<\/p><p>Bargetz, Brigitte\/Eggers, Nina Elena\/Minelli, Sara (2023): Das Spiel mit der Zeit: autorit\u00e4r-populistische Politiken der Vergegenw\u00e4rtigung. In: theorieblog, Blogpost-Reihe Zeit, https:\/\/www.theorieblog.de\/index.php\/2023\/12\/das-spiel-mit-der-zeit-autoritaer-populistische-politiken-der-vergegenwaertigung\/<\/p><p>Ghoreishi, Kaveh\/Minelli, Sara (2023): Divine violence: Kurdish struggles and general strike. In: \u2018Critique of Violence\u2019 100 years later\u2014On the actuality of Walter Benjamin\u2019s violence essay, Contexto International. Journal of global connections, 45(1), doi.org\/10.1590\/S0102-8529.20234501e2021038<\/p><p>Minelli, Sara (2020): Mito, utopia, propaganda: linguaggio di verit\u00e0 o tecniche di manipolazione? In: Utopia as a Form of Life, Thomas Project: A border journal for utopian thoughts, 3 (1), 32-47.\u00a0<\/p><p>Minelli, Sara (2020): Qu\u2019est-ce qu\u2019un mythe en politique? Quelques remarques sur l\u2019histoire d\u2019une relation ambigu\u00eb. In: Trajectoires. Revue de la jeune recherche franco-allemande, 13, doi.org\/10.4000\/trajectoires.5156.<\/p><p>Minelli, Sara (2018): Freud, Adorno: estudios sobre la estructura pulsional del individuo en la masa. In: Prado, Raimundo\/ Paz, Jorge\/Ruiz-Eldredge, Ernesto (Hg.), Iconoclasia. Investigaciones sobre y desde Marx, Lima, 2018, 235-265.<\/p><p>\u00a0<\/p><p><strong>Edited volumes and special issues<\/strong><\/p><p>Bargetz, Brigitte\/Diehl, Paula\/Eggers, Nina\/Minelli, Sara (eds.): \u201cDie Zeit des Populismus\u201c, Schwerpunktheft, Leviathan \u2013 Berliner Zeitschrift f\u00fcr Sozialwissenschaft (forthcoming).<\/p><p>Lema, Nicolas\/Minelli, Sara\/Ruiz-Eldredge Molina, Ernesto (eds.): Penser \u00e0 partir de ruines : th\u00e9oriecritique et idealisme allemand en dialogue. Rennes (PUR) (forthcoming).\u00a0<\/p><p>\u00a0<\/p><p><strong>Translations<\/strong><\/p><p>Jesi, Furio (2024): Mythe. Bordeaux (La Temp\u00eate), translated from Italian with Benjamin Torterat.<\/p><p>Adorno, Theodor W. (2018): Sur la tradition. In: David, Christian\/Perrier (ed.), O\u00f9 en sommes-nous avec la th\u00e9orie esth\u00e9tique d\u2019Adorno? Rennes (Pontcerq), translated from German with the translation collective of Centre Marc Bloch.<\/p><p>Blumenberg, Hans (2018): Prefigurazione. Quando il mito fa la storia. Brescia (Morcelliana), translated from German.<\/p><\/div>\n\t\t\t\t\t<\/div><\/div>\t\t\t\t<\/div>\n\t\t\t\t<\/div>\n\t\t\t\t\t<\/div>\n\t\t<\/div>\n\t\t\t\t\t<\/div>\n\t\t<\/section>\n\t\t\t\t<div class=\"elementor-element elementor-element-2043276c elementor-widget elementor-widget-spacer\" data-id=\"2043276c\" data-element_type=\"widget\" data-e-type=\"widget\" data-widget_type=\"spacer.default\">\n\t\t\t\t<div class=\"elementor-widget-container\">\n\t\t\t\t\t\t\t<div class=\"elementor-spacer\">\n\t\t\t<div class=\"elementor-spacer-inner\"><\/div>\n\t\t<\/div>\n\t\t\t\t\t\t<\/div>\n\t\t\t\t<\/div>\n\t\t\t\t<div class=\"elementor-element elementor-element-22a0003a elementor-widget elementor-widget-spacer\" data-id=\"22a0003a\" data-element_type=\"widget\" data-e-type=\"widget\" data-widget_type=\"spacer.default\">\n\t\t\t\t<div class=\"elementor-widget-container\">\n\t\t\t\t\t\t\t<div class=\"elementor-spacer\">\n\t\t\t<div class=\"elementor-spacer-inner\"><\/div>\n\t\t<\/div>\n\t\t\t\t\t\t<\/div>\n\t\t\t\t<\/div>\n\t\t\t\t<div class=\"elementor-element elementor-element-70e767ee elementor-widget elementor-widget-spacer\" data-id=\"70e767ee\" data-element_type=\"widget\" data-e-type=\"widget\" data-widget_type=\"spacer.default\">\n\t\t\t\t<div class=\"elementor-widget-container\">\n\t\t\t\t\t\t\t<div class=\"elementor-spacer\">\n\t\t\t<div class=\"elementor-spacer-inner\"><\/div>\n\t\t<\/div>\n\t\t\t\t\t\t<\/div>\n\t\t\t\t<\/div>\n\t\t\t\t\t<\/div>\n\t\t<\/div>\n\t\t\t\t\t<\/div>\n\t\t<\/section>\n\t\t\t\t<section class=\"elementor-section elementor-top-section elementor-element elementor-element-a0be62 elementor-section-boxed elementor-section-height-default elementor-section-height-default\" data-id=\"a0be62\" data-element_type=\"section\" data-e-type=\"section\" data-settings=\"{&quot;background_background&quot;:&quot;classic&quot;}\">\n\t\t\t\t\t\t<div class=\"elementor-container elementor-column-gap-default\">\n\t\t\t\t\t<div class=\"elementor-column elementor-col-100 elementor-top-column elementor-element elementor-element-4615b51c\" data-id=\"4615b51c\" data-element_type=\"column\" data-e-type=\"column\">\n\t\t\t<div class=\"elementor-widget-wrap elementor-element-populated\">\n\t\t\t\t\t\t<div class=\"elementor-element elementor-element-7525cbcb elementor-widget elementor-widget-spacer\" data-id=\"7525cbcb\" data-element_type=\"widget\" data-e-type=\"widget\" data-widget_type=\"spacer.default\">\n\t\t\t\t<div class=\"elementor-widget-container\">\n\t\t\t\t\t\t\t<div class=\"elementor-spacer\">\n\t\t\t<div class=\"elementor-spacer-inner\"><\/div>\n\t\t<\/div>\n\t\t\t\t\t\t<\/div>\n\t\t\t\t<\/div>\n\t\t\t\t\t<\/div>\n\t\t<\/div>\n\t\t\t\t\t<\/div>\n\t\t<\/section>\n\t\t\t\t<section class=\"elementor-section elementor-top-section elementor-element elementor-element-32cad240 elementor-section-boxed elementor-section-height-default elementor-section-height-default\" data-id=\"32cad240\" data-element_type=\"section\" data-e-type=\"section\" data-settings=\"{&quot;background_background&quot;:&quot;classic&quot;}\">\n\t\t\t\t\t\t<div class=\"elementor-container elementor-column-gap-default\">\n\t\t\t\t\t<div class=\"elementor-column elementor-col-33 elementor-top-column elementor-element elementor-element-34ceb4ef\" data-id=\"34ceb4ef\" data-element_type=\"column\" data-e-type=\"column\">\n\t\t\t<div class=\"elementor-widget-wrap elementor-element-populated\">\n\t\t\t\t\t\t<div class=\"elementor-element elementor-element-1cb413b9 elementor-widget elementor-widget-spacer\" data-id=\"1cb413b9\" data-element_type=\"widget\" data-e-type=\"widget\" data-widget_type=\"spacer.default\">\n\t\t\t\t<div class=\"elementor-widget-container\">\n\t\t\t\t\t\t\t<div class=\"elementor-spacer\">\n\t\t\t<div class=\"elementor-spacer-inner\"><\/div>\n\t\t<\/div>\n\t\t\t\t\t\t<\/div>\n\t\t\t\t<\/div>\n\t\t\t\t<div class=\"elementor-element elementor-element-4ab512fd elementor-widget elementor-widget-text-editor\" data-id=\"4ab512fd\" data-element_type=\"widget\" data-e-type=\"widget\" data-widget_type=\"text-editor.default\">\n\t\t\t\t<div class=\"elementor-widget-container\">\n\t\t\t\t\t\t\t\t\t<p><strong><a href=\"http:\/\/international-network-populism.net\/en\/datenschutz\/\">Privacy Policy<\/a><\/strong><\/p>\t\t\t\t\t\t\t\t<\/div>\n\t\t\t\t<\/div>\n\t\t\t\t<div class=\"elementor-element elementor-element-37311606 elementor-widget elementor-widget-text-editor\" data-id=\"37311606\" data-element_type=\"widget\" data-e-type=\"widget\" data-widget_type=\"text-editor.default\">\n\t\t\t\t<div class=\"elementor-widget-container\">\n\t\t\t\t\t\t\t\t\t<p><strong>Legal Notice:<\/strong><\/p>\t\t\t\t\t\t\t\t<\/div>\n\t\t\t\t<\/div>\n\t\t\t\t<div class=\"elementor-element elementor-element-688d54c0 elementor-widget elementor-widget-text-editor\" data-id=\"688d54c0\" data-element_type=\"widget\" data-e-type=\"widget\" data-widget_type=\"text-editor.default\">\n\t\t\t\t<div class=\"elementor-widget-container\">\n\t\t\t\t\t\t\t\t\t<div class=\"et_pb_row et_pb_row_1\"><div class=\"et_pb_column et_pb_column_4_4 et_pb_column_1 et_pb_css_mix_blend_mode_passthrough et-last-child\"><div class=\"et_pb_module et_pb_text et_pb_text_1 et_pb_text_align_left et_pb_bg_layout_light\"><div class=\"et_pb_text_inner\"><div>Information according to \u00a7 5 TMG:<\/div><div>\u00a0<\/div><div><strong>International Populism Research Network<br \/><\/strong>Institute of Social Sciences\/Political Science<strong><br \/><\/strong><\/div><\/div><\/div><\/div><div><p>Olshausenstr. 40<br \/>24118 Kiel<\/p><p>Represented by: Prof. Dr. Paula Diehl (Director)<br \/>Olshausenstr. 40<br \/>24118 Kiel<br \/><strong>phone<\/strong>: +49 431 880-5217<br \/><strong>mail<\/strong>: <a href=\"mailto:contact.populism@politik.uni-kiel.de\">contact.populism@politik.uni-kiel.de<\/a><\/p><\/div><\/div>\t\t\t\t\t\t\t\t<\/div>\n\t\t\t\t<\/div>\n\t\t\t\t<div class=\"elementor-element elementor-element-4576880b elementor-widget elementor-widget-spacer\" data-id=\"4576880b\" data-element_type=\"widget\" data-e-type=\"widget\" data-widget_type=\"spacer.default\">\n\t\t\t\t<div class=\"elementor-widget-container\">\n\t\t\t\t\t\t\t<div class=\"elementor-spacer\">\n\t\t\t<div class=\"elementor-spacer-inner\"><\/div>\n\t\t<\/div>\n\t\t\t\t\t\t<\/div>\n\t\t\t\t<\/div>\n\t\t\t\t\t<\/div>\n\t\t<\/div>\n\t\t\t\t<div class=\"elementor-column elementor-col-33 elementor-top-column elementor-element elementor-element-41ad355f\" data-id=\"41ad355f\" data-element_type=\"column\" data-e-type=\"column\">\n\t\t\t<div class=\"elementor-widget-wrap elementor-element-populated\">\n\t\t\t\t\t\t<div class=\"elementor-element elementor-element-4abeaf9 elementor-widget elementor-widget-spacer\" data-id=\"4abeaf9\" data-element_type=\"widget\" data-e-type=\"widget\" data-widget_type=\"spacer.default\">\n\t\t\t\t<div class=\"elementor-widget-container\">\n\t\t\t\t\t\t\t<div class=\"elementor-spacer\">\n\t\t\t<div class=\"elementor-spacer-inner\"><\/div>\n\t\t<\/div>\n\t\t\t\t\t\t<\/div>\n\t\t\t\t<\/div>\n\t\t\t\t<div class=\"elementor-element elementor-element-55a7bbb8 elementor-widget elementor-widget-spacer\" data-id=\"55a7bbb8\" data-element_type=\"widget\" data-e-type=\"widget\" data-widget_type=\"spacer.default\">\n\t\t\t\t<div class=\"elementor-widget-container\">\n\t\t\t\t\t\t\t<div class=\"elementor-spacer\">\n\t\t\t<div class=\"elementor-spacer-inner\"><\/div>\n\t\t<\/div>\n\t\t\t\t\t\t<\/div>\n\t\t\t\t<\/div>\n\t\t\t\t<div class=\"elementor-element elementor-element-6bfd0896 elementor-widget elementor-widget-text-editor\" data-id=\"6bfd0896\" data-element_type=\"widget\" data-e-type=\"widget\" data-widget_type=\"text-editor.default\">\n\t\t\t\t<div class=\"elementor-widget-container\">\n\t\t\t\t\t\t\t\t\t<div class=\"et_pb_row et_pb_row_1\"><div class=\"et_pb_column et_pb_column_4_4 et_pb_column_1 et_pb_css_mix_blend_mode_passthrough et-last-child\"><div class=\"et_pb_module et_pb_text et_pb_text_1 et_pb_text_align_left et_pb_bg_layout_light\"><div class=\"et_pb_text_inner\"><strong>Dispute settlement:<\/strong> We are not willing or obliged to participate in dispute resolution proceedings in front of a consumer arbitration board.<\/div><div>\u00a0<\/div><div class=\"et_pb_text_inner\"><strong>Liability for contents: <\/strong>As a service provider, we are responsible for our own content on these pages according to \u00a7 7 para.1 TMG (German Telemedia Act) and general laws. According to \u00a7\u00a7 8 to 10 TMG we are not obliged to monitor transmitted or stored information from third parties or to investigate circumstances that indicate illegal activity. Obligations to remove or block the use of information according to general laws remain unaffected by this. However, liability in this respect is only possible from the time of knowledge of a concrete infringement. If we become aware of any such legal infringements, we will remove the content in question immediately.<\/div><\/div><\/div><\/div>\t\t\t\t\t\t\t\t<\/div>\n\t\t\t\t<\/div>\n\t\t\t\t<div class=\"elementor-element elementor-element-627f66dd elementor-widget elementor-widget-text-editor\" data-id=\"627f66dd\" data-element_type=\"widget\" data-e-type=\"widget\" data-widget_type=\"text-editor.default\">\n\t\t\t\t<div class=\"elementor-widget-container\">\n\t\t\t\t\t\t\t\t\t<div class=\"et_pb_row et_pb_row_1\"><div class=\"et_pb_column et_pb_column_4_4 et_pb_column_1 et_pb_css_mix_blend_mode_passthrough et-last-child\"><div class=\"et_pb_module et_pb_text et_pb_text_1 et_pb_text_align_left et_pb_bg_layout_light\">\u00a0<\/div><\/div><div><p><strong>Liability for links: <\/strong>Our offer contains links to external websites of third parties, on whose content we have no influence. Therefore, we cannot accept any liability for any external content. The respective provider or operator of the site is always responsible for the content of the linked sites. The linked pages were checked for possible legal violations at the time of linking. Illegal content was not identified at the time of linking.However, a permanent control of the content of the linked pages is not reasonable without concrete evidence of a violation of the law. If we become aware of any infringements, we will remove such links immediately.<\/p><p><strong>Copyright: <\/strong>The content and works on these pages created by the site operators are subject to German copyright law. The reproduction, editing, distribution and any kind of use outside the limits of copyright law require the written consent of the respective author or creator. Downloads and copies of these pages are only permitted for private, non-commercial use.<\/p><\/div><\/div><p>Insofar as the content on this site was not created by the operator, the copyrights of third parties are observed. In particular, third-party content is identified as such. Should you nevertheless become aware of a copyright infringement, please inform us accordingly. If we become aware of any infringements, we will remove such content immediately.<\/p>\t\t\t\t\t\t\t\t<\/div>\n\t\t\t\t<\/div>\n\t\t\t\t<div class=\"elementor-element elementor-element-2f7d26c8 elementor-widget elementor-widget-text-editor\" data-id=\"2f7d26c8\" data-element_type=\"widget\" data-e-type=\"widget\" data-widget_type=\"text-editor.default\">\n\t\t\t\t<div class=\"elementor-widget-container\">\n\t\t\t\t\t\t\t\t\t<p style=\"text-align: right;\"><strong>Webdesign by: Lilit K<\/strong><br \/>Contact\u00a0<a href=\"mailto:%20barev.ax4ik@gmail.com\">via mail<\/a><\/p>\t\t\t\t\t\t\t\t<\/div>\n\t\t\t\t<\/div>\n\t\t\t\t\t<\/div>\n\t\t<\/div>\n\t\t\t\t<div class=\"elementor-column elementor-col-33 elementor-top-column elementor-element elementor-element-5cb7c4d2\" data-id=\"5cb7c4d2\" data-element_type=\"column\" data-e-type=\"column\">\n\t\t\t<div class=\"elementor-widget-wrap elementor-element-populated\">\n\t\t\t\t\t\t<div class=\"elementor-element elementor-element-3b235b00 elementor-widget elementor-widget-spacer\" data-id=\"3b235b00\" data-element_type=\"widget\" data-e-type=\"widget\" data-widget_type=\"spacer.default\">\n\t\t\t\t<div class=\"elementor-widget-container\">\n\t\t\t\t\t\t\t<div class=\"elementor-spacer\">\n\t\t\t<div class=\"elementor-spacer-inner\"><\/div>\n\t\t<\/div>\n\t\t\t\t\t\t<\/div>\n\t\t\t\t<\/div>\n\t\t\t\t<div class=\"elementor-element elementor-element-394b29bf elementor-widget elementor-widget-spacer\" data-id=\"394b29bf\" data-element_type=\"widget\" data-e-type=\"widget\" data-widget_type=\"spacer.default\">\n\t\t\t\t<div class=\"elementor-widget-container\">\n\t\t\t\t\t\t\t<div class=\"elementor-spacer\">\n\t\t\t<div class=\"elementor-spacer-inner\"><\/div>\n\t\t<\/div>\n\t\t\t\t\t\t<\/div>\n\t\t\t\t<\/div>\n\t\t\t\t\t<\/div>\n\t\t<\/div>\n\t\t\t\t\t<\/div>\n\t\t<\/section>\n\t\t\t\t<\/div>","protected":false},"excerpt":{"rendered":"<p>Sara Minelli(Coordinator) mehr erfahren \u00dcber mich Sara Minelli ist seit 2019 wissenschaftliche Mitarbeiterin am Arbeitsbereich Politische Theorie, Ideengeschichte und Politische Kultur und Koordinatorin des Internationalen Netzwerk f\u00fcr Populismusfoschung an der CAU. Sie ist assoziierte Forscherin am Deutsch-Franz\u00f6sischen Forschungszentrum Centre Marc Bloch in Berlin und am Centre des Savoirs sur le Politique &#8211; Recherches et Analyses [&hellip;]<\/p>\n","protected":false},"author":1,"featured_media":0,"parent":0,"menu_order":0,"comment_status":"closed","ping_status":"closed","template":"","meta":{"footnotes":""},"class_list":["post-4162","page","type-page","status-publish","hentry"],"_links":{"self":[{"href":"https:\/\/international-network-populism.net\/en\/wp-json\/wp\/v2\/pages\/4162","targetHints":{"allow":["GET"]}}],"collection":[{"href":"https:\/\/international-network-populism.net\/en\/wp-json\/wp\/v2\/pages"}],"about":[{"href":"https:\/\/international-network-populism.net\/en\/wp-json\/wp\/v2\/types\/page"}],"author":[{"embeddable":true,"href":"https:\/\/international-network-populism.net\/en\/wp-json\/wp\/v2\/users\/1"}],"replies":[{"embeddable":true,"href":"https:\/\/international-network-populism.net\/en\/wp-json\/wp\/v2\/comments?post=4162"}],"version-history":[{"count":13,"href":"https:\/\/international-network-populism.net\/en\/wp-json\/wp\/v2\/pages\/4162\/revisions"}],"predecessor-version":[{"id":4176,"href":"https:\/\/international-network-populism.net\/en\/wp-json\/wp\/v2\/pages\/4162\/revisions\/4176"}],"wp:attachment":[{"href":"https:\/\/international-network-populism.net\/en\/wp-json\/wp\/v2\/media?parent=4162"}],"curies":[{"name":"wp","href":"https:\/\/api.w.org\/{rel}","templated":true}]}}