{"id":4514,"date":"2024-11-11T11:51:55","date_gmt":"2024-11-11T11:51:55","guid":{"rendered":"https:\/\/international-network-populism.net\/?page_id=4514"},"modified":"2024-11-15T16:33:08","modified_gmt":"2024-11-15T16:33:08","slug":"members_petersen","status":"publish","type":"page","link":"https:\/\/international-network-populism.net\/en\/members_petersen\/","title":{"rendered":"Members_Petersen"},"content":{"rendered":"<div data-elementor-type=\"wp-page\" data-elementor-id=\"4514\" class=\"elementor elementor-4514\">\n\t\t\t\t\t\t<section class=\"elementor-section elementor-top-section elementor-element elementor-element-5d9b8747 elementor-section-height-min-height elementor-section-boxed elementor-section-height-default elementor-section-items-middle\" data-id=\"5d9b8747\" data-element_type=\"section\" data-e-type=\"section\" data-settings=\"{&quot;background_background&quot;:&quot;classic&quot;}\">\n\t\t\t\t\t\t<div class=\"elementor-container elementor-column-gap-default\">\n\t\t\t\t\t<div class=\"elementor-column elementor-col-100 elementor-top-column elementor-element elementor-element-5b4acb0a\" data-id=\"5b4acb0a\" data-element_type=\"column\" data-e-type=\"column\">\n\t\t\t<div class=\"elementor-widget-wrap\">\n\t\t\t\t\t\t\t<\/div>\n\t\t<\/div>\n\t\t\t\t\t<\/div>\n\t\t<\/section>\n\t\t\t\t<section class=\"elementor-section elementor-top-section elementor-element elementor-element-cfd76c6 elementor-section-content-middle elementor-section-boxed elementor-section-height-default elementor-section-height-default\" data-id=\"cfd76c6\" data-element_type=\"section\" data-e-type=\"section\" data-settings=\"{&quot;background_background&quot;:&quot;classic&quot;}\">\n\t\t\t\t\t\t\t<div class=\"elementor-background-overlay\"><\/div>\n\t\t\t\t\t\t\t<div class=\"elementor-container elementor-column-gap-custom\">\n\t\t\t\t\t<div class=\"elementor-column elementor-col-100 elementor-top-column elementor-element elementor-element-bd5fd4a\" data-id=\"bd5fd4a\" data-element_type=\"column\" data-e-type=\"column\" data-settings=\"{&quot;background_background&quot;:&quot;classic&quot;}\">\n\t\t\t<div class=\"elementor-widget-wrap elementor-element-populated\">\n\t\t\t\t\t\t<div class=\"elementor-element elementor-element-ab27d56 elementor-widget elementor-widget-spacer\" data-id=\"ab27d56\" data-element_type=\"widget\" data-e-type=\"widget\" data-widget_type=\"spacer.default\">\n\t\t\t\t<div class=\"elementor-widget-container\">\n\t\t\t\t\t\t\t<div class=\"elementor-spacer\">\n\t\t\t<div class=\"elementor-spacer-inner\"><\/div>\n\t\t<\/div>\n\t\t\t\t\t\t<\/div>\n\t\t\t\t<\/div>\n\t\t\t\t<div class=\"elementor-element elementor-element-66fc4936 elementor-widget elementor-widget-spacer\" data-id=\"66fc4936\" data-element_type=\"widget\" data-e-type=\"widget\" data-widget_type=\"spacer.default\">\n\t\t\t\t<div class=\"elementor-widget-container\">\n\t\t\t\t\t\t\t<div class=\"elementor-spacer\">\n\t\t\t<div class=\"elementor-spacer-inner\"><\/div>\n\t\t<\/div>\n\t\t\t\t\t\t<\/div>\n\t\t\t\t<\/div>\n\t\t\t\t<section class=\"elementor-section elementor-inner-section elementor-element elementor-element-ec337c elementor-section-full_width elementor-section-height-default elementor-section-height-default\" data-id=\"ec337c\" data-element_type=\"section\" data-e-type=\"section\">\n\t\t\t\t\t\t<div class=\"elementor-container elementor-column-gap-default\">\n\t\t\t\t\t<div class=\"elementor-column elementor-col-50 elementor-inner-column elementor-element elementor-element-40f972f8\" data-id=\"40f972f8\" data-element_type=\"column\" data-e-type=\"column\">\n\t\t\t<div class=\"elementor-widget-wrap elementor-element-populated\">\n\t\t\t\t\t\t<div class=\"elementor-element elementor-element-138135a6 elementor-widget__width-initial elementor-widget elementor-widget-image\" data-id=\"138135a6\" data-element_type=\"widget\" data-e-type=\"widget\" data-widget_type=\"image.default\">\n\t\t\t\t<div class=\"elementor-widget-container\">\n\t\t\t\t\t\t\t\t\t\t\t\t<figure class=\"wp-caption\">\n\t\t\t\t\t\t\t\t\t\t<img decoding=\"async\" src=\"https:\/\/international-network-populism.net\/wp-content\/uploads\/elementor\/thumbs\/Helge-Petersen-2-scaled-qx3oovj7evqd6klwtt7lybk8sm0k47oqw2107maaco.jpg\" title=\"Helge Petersen\" alt=\"Helge Petersen\" loading=\"lazy\" \/>\t\t\t\t\t\t\t\t\t\t\t<figcaption class=\"widget-image-caption wp-caption-text\"><\/figcaption>\n\t\t\t\t\t\t\t\t\t\t<\/figure>\n\t\t\t\t\t\t\t\t\t<\/div>\n\t\t\t\t<\/div>\n\t\t\t\t<div class=\"elementor-element elementor-element-75146fa0 elementor-widget elementor-widget-text-editor\" data-id=\"75146fa0\" data-element_type=\"widget\" data-e-type=\"widget\" data-widget_type=\"text-editor.default\">\n\t\t\t\t<div class=\"elementor-widget-container\">\n\t\t\t\t\t\t\t\t\t<p>HELGE PETERSEN<br \/>(Coordinator)<\/p>\t\t\t\t\t\t\t\t<\/div>\n\t\t\t\t<\/div>\n\t\t\t\t<div class=\"elementor-element elementor-element-7d174b8f elementor-align-center elementor-widget__width-initial elementor-widget elementor-widget-button\" data-id=\"7d174b8f\" data-element_type=\"widget\" data-e-type=\"widget\" data-widget_type=\"button.default\">\n\t\t\t\t<div class=\"elementor-widget-container\">\n\t\t\t\t\t\t\t\t\t<div class=\"elementor-button-wrapper\">\n\t\t\t\t\t<a class=\"elementor-button elementor-size-xs elementor-animation-hang\" role=\"button\">\n\t\t\t\t\t\t<span class=\"elementor-button-content-wrapper\">\n\t\t\t\t\t\t\t\t\t<span class=\"elementor-button-text\">Learn More<\/span>\n\t\t\t\t\t<\/span>\n\t\t\t\t\t<\/a>\n\t\t\t\t<\/div>\n\t\t\t\t\t\t\t\t<\/div>\n\t\t\t\t<\/div>\n\t\t\t\t\t<\/div>\n\t\t<\/div>\n\t\t\t\t<div class=\"elementor-column elementor-col-50 elementor-inner-column elementor-element elementor-element-131aa679\" data-id=\"131aa679\" data-element_type=\"column\" data-e-type=\"column\">\n\t\t\t<div class=\"elementor-widget-wrap elementor-element-populated\">\n\t\t\t\t\t\t<div class=\"elementor-element elementor-element-29cc81a7 elementor-widget elementor-widget-spacer\" data-id=\"29cc81a7\" data-element_type=\"widget\" data-e-type=\"widget\" data-widget_type=\"spacer.default\">\n\t\t\t\t<div class=\"elementor-widget-container\">\n\t\t\t\t\t\t\t<div class=\"elementor-spacer\">\n\t\t\t<div class=\"elementor-spacer-inner\"><\/div>\n\t\t<\/div>\n\t\t\t\t\t\t<\/div>\n\t\t\t\t<\/div>\n\t\t\t\t<div class=\"elementor-element elementor-element-1f6681df elementor-widget__width-initial elementor-widget elementor-widget-eael-adv-accordion\" data-id=\"1f6681df\" data-element_type=\"widget\" data-e-type=\"widget\" data-widget_type=\"eael-adv-accordion.default\">\n\t\t\t\t<div class=\"elementor-widget-container\">\n\t\t\t\t\t            <div class=\"eael-adv-accordion\" id=\"eael-adv-accordion-1f6681df\" data-scroll-on-click=\"no\" data-scroll-speed=\"300\" data-accordion-id=\"1f6681df\" data-accordion-type=\"toggle\" data-toogle-speed=\"300\">\n            <div class=\"eael-accordion-list\">\n\t\t\t\t\t<div id=\"ber-mich\" class=\"elementor-tab-title eael-accordion-header\" tabindex=\"0\" data-tab=\"1\" aria-controls=\"elementor-tab-content-5261\"><p class=\"eael-accordion-tab-title\">About me<\/p><i aria-hidden=\"true\" class=\"fa-toggle fas fa-angle-right\"><\/i><\/div><div id=\"elementor-tab-content-5261\" class=\"eael-accordion-content clearfix\" data-tab=\"1\" aria-labelledby=\"ber-mich\"><p>Helge Petersen studied sociology, political science, and political theory in Kiel, Frankfurt am Main, Darmstadt, New York City and Glasgow. Between 2017 and 2022, he completed a Sociology PhD at the University of Glasgow. His PhD thesis is dedicated to the dynamics of state and political responses to racist violence in British post-war history. He analysed this history of violence and conflict as a specific expression of Britain\u2019s postcolonial and post-Fordist transformation in the second half of the 20th century. He put a particular focus on the enduring influence of political-economic crisis tendencies on the political relations of forces in contemporary Britain. Between 2022 and 2024, he worked as a postdoctoral researcher at the Institute for Democratic Culture at Magdeburg-Stendal University of Applied Sciences. In the context of the project \u201cIntegrative Democracy Research in Saxony-Anhalt\u201d he examined the history of political conflicts around racist violence since 1989\/90. In this context, he engaged with the question how a heterogeneous democratic civil society and public sphere emerged under the precarious conditions of east Germany\u2019s transformation crisis and nationalist political climate in the early 1990s. Furthermore, he was responsible for the operative coordination of the project, which also encompasses research projects on the far right, antisemitism, and Jewish life. Since 2024, he is a postdoctoral researcher at the research area of Political Theory, History of Ideas and Political Culture as well as the coordinator of the International Populism Research Network at Kiel University, Germany. His current research interests lie at the intersection of populism research and crisis theory. In his recent publications, he has used critical-materialist and social-psychological theoretical perspectives to analyse different variants of populism as well as their relationship to authoritarianism and conspiracy thinking.<\/p><\/div>\n\t\t\t\t\t<\/div><div class=\"eael-accordion-list\">\n\t\t\t\t\t<div id=\"publikationen\" class=\"elementor-tab-title eael-accordion-header\" tabindex=\"0\" data-tab=\"2\" aria-controls=\"elementor-tab-content-5262\"><p class=\"eael-accordion-tab-title\">Publications<\/p><i aria-hidden=\"true\" class=\"fa-toggle fas fa-angle-right\"><\/i><\/div><div id=\"elementor-tab-content-5262\" class=\"eael-accordion-content clearfix\" data-tab=\"2\" aria-labelledby=\"publikationen\"><p><strong>PhD Thesis<\/strong><\/p><p class=\"translation-block\">Petersen, H. (2022): Racism, Crisis and Confrontation: Political Struggles over Racist Violence and State Racism in Britain, 1958-1999. University of Glasgow, online: https:\/\/theses.gla.ac.uk\/82951\/<\/p><p>\u00a0<\/p><p><strong>Articles<\/strong><\/p><p class=\"translation-block\">Petersen, H.\/Hecker, H. (2024): On the Elective Affinity between Post-Marxism, Left-Wing Populism and Conspiracist World Views. In: Michael Butter et al. (Hrsg.): <em>Populism and Conspiracy Theory: Case Studies and Theoretical Perspectives.<\/em> Routledge.<\/p><p class=\"translation-block\">Brungs, J.\/Hascher, M.\/Petersen, H. (2024): Zwischen gesellschaftlicher Resilienz und progressiver Ver\u00e4nderung: Praxisbeispiele aus Sachsen-Anhalt. In: Philipp Kaupert &amp; Franziska Richter (Hrsg.): Von Auf- und Umbr\u00fcchen: <em>Stimmungsbilder aus transformationserfahrenen Regionen. Brandenburg, Nordrhein-Westfalen, Saarland und Sachsen-Anhalt. <\/em>Friedrich-Ebert-Stiftung.<\/p><p>Petersen, H.\/Struwe, A. (2023): Das Unbehagen an der gesellschaftlichen Totalit\u00e4t. Zum gesellschaftstheoretischen Gehalt der Faschismusanalysen des fr\u00fchen Instituts f\u00fcr Sozialforschung. In: Leo R\u00f6pert (Hrsg.): <em>Kritische Theorie der extremen Rechten. Analysen im Anschluss an Adorno, Horkheimer und Co.<\/em> Transcript.<\/p><p>Reimer-Gordinskaya, K.\/Quent, M.\/Petersen, H.\/Hoffmann, R. (2023): Stellungnahme Sachsen-Anhalt. In: Oliver Decker, Johannes Kiess &amp; Elmar Br\u00e4hler: <em>Autorit\u00e4re Dynamiken und die Unzufriedenheit mit der Demokratie: Die rechtsextreme Einstellung in den ostdeutschen Bundesl\u00e4ndern.<\/em> EFBI Policy Paper 2023-2. Else-Frenkel-Brunswick-Institut.<\/p><p>Petersen, H.\/Struwe, A. (2022): Totality, Malaise and Agitation: Towards a Critical Theory of Authoritarian Politics. In: Denis Chevrier-Bosseau and Tom Bunyard (Hrsg.): <em>Critical Theory Today: Limits &amp; Relevance of an Intellectual Tradition<\/em>. Palgrave Macmillan.<\/p><p>Petersen, H.\/Hecker, H. (2022): A Critique of Left-Wing Populism: Critical Materialist and Social-Psychological Perspectives. In: Michael Oswald (Hrsg.): <em>The Palgrave Handbook of Populism.<\/em> Palgrave Macmillan.<\/p><p>P\u00f6ggel, T. J.\/Petersen, H. (2020): Kommentar: Zur materiellen und historischen Einbettung von Refugee-Protest. In: Daniel Kersting\/Marcus Leuoth (Hrsg.): <em>Der Begriff des Fl\u00fcchtlings. Rechtliche, moralische und politische Kontroversen.<\/em> J.B. Metzler.<\/p><p>\u00a0<\/p><\/div>\n\t\t\t\t\t<\/div><\/div>\t\t\t\t<\/div>\n\t\t\t\t<\/div>\n\t\t\t\t\t<\/div>\n\t\t<\/div>\n\t\t\t\t\t<\/div>\n\t\t<\/section>\n\t\t\t\t<div class=\"elementor-element elementor-element-58922589 elementor-widget elementor-widget-spacer\" data-id=\"58922589\" data-element_type=\"widget\" data-e-type=\"widget\" data-widget_type=\"spacer.default\">\n\t\t\t\t<div class=\"elementor-widget-container\">\n\t\t\t\t\t\t\t<div class=\"elementor-spacer\">\n\t\t\t<div class=\"elementor-spacer-inner\"><\/div>\n\t\t<\/div>\n\t\t\t\t\t\t<\/div>\n\t\t\t\t<\/div>\n\t\t\t\t<div class=\"elementor-element elementor-element-7a2d9701 elementor-widget elementor-widget-spacer\" data-id=\"7a2d9701\" data-element_type=\"widget\" data-e-type=\"widget\" data-widget_type=\"spacer.default\">\n\t\t\t\t<div class=\"elementor-widget-container\">\n\t\t\t\t\t\t\t<div class=\"elementor-spacer\">\n\t\t\t<div class=\"elementor-spacer-inner\"><\/div>\n\t\t<\/div>\n\t\t\t\t\t\t<\/div>\n\t\t\t\t<\/div>\n\t\t\t\t<div class=\"elementor-element elementor-element-f54ac47 elementor-widget elementor-widget-spacer\" data-id=\"f54ac47\" data-element_type=\"widget\" data-e-type=\"widget\" data-widget_type=\"spacer.default\">\n\t\t\t\t<div class=\"elementor-widget-container\">\n\t\t\t\t\t\t\t<div class=\"elementor-spacer\">\n\t\t\t<div class=\"elementor-spacer-inner\"><\/div>\n\t\t<\/div>\n\t\t\t\t\t\t<\/div>\n\t\t\t\t<\/div>\n\t\t\t\t\t<\/div>\n\t\t<\/div>\n\t\t\t\t\t<\/div>\n\t\t<\/section>\n\t\t\t\t<section class=\"elementor-section elementor-top-section elementor-element elementor-element-37fea03e elementor-section-boxed elementor-section-height-default elementor-section-height-default\" data-id=\"37fea03e\" data-element_type=\"section\" data-e-type=\"section\" data-settings=\"{&quot;background_background&quot;:&quot;classic&quot;}\">\n\t\t\t\t\t\t<div class=\"elementor-container elementor-column-gap-default\">\n\t\t\t\t\t<div class=\"elementor-column elementor-col-100 elementor-top-column elementor-element elementor-element-238c3990\" data-id=\"238c3990\" data-element_type=\"column\" data-e-type=\"column\">\n\t\t\t<div class=\"elementor-widget-wrap elementor-element-populated\">\n\t\t\t\t\t\t<div class=\"elementor-element elementor-element-70c1b2f0 elementor-widget elementor-widget-spacer\" data-id=\"70c1b2f0\" data-element_type=\"widget\" data-e-type=\"widget\" data-widget_type=\"spacer.default\">\n\t\t\t\t<div class=\"elementor-widget-container\">\n\t\t\t\t\t\t\t<div class=\"elementor-spacer\">\n\t\t\t<div class=\"elementor-spacer-inner\"><\/div>\n\t\t<\/div>\n\t\t\t\t\t\t<\/div>\n\t\t\t\t<\/div>\n\t\t\t\t\t<\/div>\n\t\t<\/div>\n\t\t\t\t\t<\/div>\n\t\t<\/section>\n\t\t\t\t<section class=\"elementor-section elementor-top-section elementor-element elementor-element-2a8a953d elementor-section-boxed elementor-section-height-default elementor-section-height-default\" data-id=\"2a8a953d\" data-element_type=\"section\" data-e-type=\"section\" data-settings=\"{&quot;background_background&quot;:&quot;classic&quot;}\">\n\t\t\t\t\t\t<div class=\"elementor-container elementor-column-gap-default\">\n\t\t\t\t\t<div class=\"elementor-column elementor-col-33 elementor-top-column elementor-element elementor-element-72e42e4f\" data-id=\"72e42e4f\" data-element_type=\"column\" data-e-type=\"column\">\n\t\t\t<div class=\"elementor-widget-wrap elementor-element-populated\">\n\t\t\t\t\t\t<div class=\"elementor-element elementor-element-d2b88a4 elementor-widget elementor-widget-spacer\" data-id=\"d2b88a4\" data-element_type=\"widget\" data-e-type=\"widget\" data-widget_type=\"spacer.default\">\n\t\t\t\t<div class=\"elementor-widget-container\">\n\t\t\t\t\t\t\t<div class=\"elementor-spacer\">\n\t\t\t<div class=\"elementor-spacer-inner\"><\/div>\n\t\t<\/div>\n\t\t\t\t\t\t<\/div>\n\t\t\t\t<\/div>\n\t\t\t\t<div class=\"elementor-element elementor-element-f8c40c elementor-widget elementor-widget-text-editor\" data-id=\"f8c40c\" data-element_type=\"widget\" data-e-type=\"widget\" data-widget_type=\"text-editor.default\">\n\t\t\t\t<div class=\"elementor-widget-container\">\n\t\t\t\t\t\t\t\t\t<p><strong><a href=\"http:\/\/international-network-populism.net\/en\/datenschutz\/\">Privacy Policy<\/a><\/strong><\/p>\t\t\t\t\t\t\t\t<\/div>\n\t\t\t\t<\/div>\n\t\t\t\t<div class=\"elementor-element elementor-element-67db24ae elementor-widget elementor-widget-text-editor\" data-id=\"67db24ae\" data-element_type=\"widget\" data-e-type=\"widget\" data-widget_type=\"text-editor.default\">\n\t\t\t\t<div class=\"elementor-widget-container\">\n\t\t\t\t\t\t\t\t\t<p><strong>Legal Notice:<\/strong><\/p>\t\t\t\t\t\t\t\t<\/div>\n\t\t\t\t<\/div>\n\t\t\t\t<div class=\"elementor-element elementor-element-619a99d7 elementor-widget elementor-widget-text-editor\" data-id=\"619a99d7\" data-element_type=\"widget\" data-e-type=\"widget\" data-widget_type=\"text-editor.default\">\n\t\t\t\t<div class=\"elementor-widget-container\">\n\t\t\t\t\t\t\t\t\t<div class=\"et_pb_row et_pb_row_1\"><div class=\"et_pb_column et_pb_column_4_4 et_pb_column_1 et_pb_css_mix_blend_mode_passthrough et-last-child\"><div class=\"et_pb_module et_pb_text et_pb_text_1 et_pb_text_align_left et_pb_bg_layout_light\"><div class=\"et_pb_text_inner\"><div>Information according to \u00a7 5 TMG:<\/div><div>\u00a0<\/div><div><strong>International Populism Research Network<br \/><\/strong>Institute of Social Sciences\/Political Science<strong><br \/><\/strong><\/div><\/div><\/div><\/div><div><p>Olshausenstr. 40<br \/>24118 Kiel<\/p><p>Represented by: Prof. Dr. Paula Diehl (Director)<br \/>Olshausenstr. 40<br \/>24118 Kiel<br \/><strong>phone<\/strong>: +49 431 880-5217<br \/><strong>mail<\/strong>: <a href=\"mailto:contact.populism@politik.uni-kiel.de\">contact.populism@politik.uni-kiel.de<\/a><\/p><\/div><\/div>\t\t\t\t\t\t\t\t<\/div>\n\t\t\t\t<\/div>\n\t\t\t\t<div class=\"elementor-element elementor-element-50d25501 elementor-widget elementor-widget-spacer\" data-id=\"50d25501\" data-element_type=\"widget\" data-e-type=\"widget\" data-widget_type=\"spacer.default\">\n\t\t\t\t<div class=\"elementor-widget-container\">\n\t\t\t\t\t\t\t<div class=\"elementor-spacer\">\n\t\t\t<div class=\"elementor-spacer-inner\"><\/div>\n\t\t<\/div>\n\t\t\t\t\t\t<\/div>\n\t\t\t\t<\/div>\n\t\t\t\t\t<\/div>\n\t\t<\/div>\n\t\t\t\t<div class=\"elementor-column elementor-col-33 elementor-top-column elementor-element elementor-element-39b63606\" data-id=\"39b63606\" data-element_type=\"column\" data-e-type=\"column\">\n\t\t\t<div class=\"elementor-widget-wrap elementor-element-populated\">\n\t\t\t\t\t\t<div class=\"elementor-element elementor-element-b9860e elementor-widget elementor-widget-spacer\" data-id=\"b9860e\" data-element_type=\"widget\" data-e-type=\"widget\" data-widget_type=\"spacer.default\">\n\t\t\t\t<div class=\"elementor-widget-container\">\n\t\t\t\t\t\t\t<div class=\"elementor-spacer\">\n\t\t\t<div class=\"elementor-spacer-inner\"><\/div>\n\t\t<\/div>\n\t\t\t\t\t\t<\/div>\n\t\t\t\t<\/div>\n\t\t\t\t<div class=\"elementor-element elementor-element-5c1a518d elementor-widget elementor-widget-spacer\" data-id=\"5c1a518d\" data-element_type=\"widget\" data-e-type=\"widget\" data-widget_type=\"spacer.default\">\n\t\t\t\t<div class=\"elementor-widget-container\">\n\t\t\t\t\t\t\t<div class=\"elementor-spacer\">\n\t\t\t<div class=\"elementor-spacer-inner\"><\/div>\n\t\t<\/div>\n\t\t\t\t\t\t<\/div>\n\t\t\t\t<\/div>\n\t\t\t\t<div class=\"elementor-element elementor-element-7cf0ac28 elementor-widget elementor-widget-text-editor\" data-id=\"7cf0ac28\" data-element_type=\"widget\" data-e-type=\"widget\" data-widget_type=\"text-editor.default\">\n\t\t\t\t<div class=\"elementor-widget-container\">\n\t\t\t\t\t\t\t\t\t<div class=\"et_pb_row et_pb_row_1\"><div class=\"et_pb_column et_pb_column_4_4 et_pb_column_1 et_pb_css_mix_blend_mode_passthrough et-last-child\"><div class=\"et_pb_module et_pb_text et_pb_text_1 et_pb_text_align_left et_pb_bg_layout_light\"><div class=\"et_pb_text_inner\"><strong>Dispute settlement:<\/strong> We are not willing or obliged to participate in dispute resolution proceedings in front of a consumer arbitration board.<\/div><div>\u00a0<\/div><div class=\"et_pb_text_inner\"><strong>Liability for contents: <\/strong>As a service provider, we are responsible for our own content on these pages according to \u00a7 7 para.1 TMG (German Telemedia Act) and general laws. According to \u00a7\u00a7 8 to 10 TMG we are not obliged to monitor transmitted or stored information from third parties or to investigate circumstances that indicate illegal activity. Obligations to remove or block the use of information according to general laws remain unaffected by this. However, liability in this respect is only possible from the time of knowledge of a concrete infringement. If we become aware of any such legal infringements, we will remove the content in question immediately.<\/div><\/div><\/div><\/div>\t\t\t\t\t\t\t\t<\/div>\n\t\t\t\t<\/div>\n\t\t\t\t<div class=\"elementor-element elementor-element-b8d2dff elementor-widget elementor-widget-text-editor\" data-id=\"b8d2dff\" data-element_type=\"widget\" data-e-type=\"widget\" data-widget_type=\"text-editor.default\">\n\t\t\t\t<div class=\"elementor-widget-container\">\n\t\t\t\t\t\t\t\t\t<div class=\"et_pb_row et_pb_row_1\"><div class=\"et_pb_column et_pb_column_4_4 et_pb_column_1 et_pb_css_mix_blend_mode_passthrough et-last-child\"><div class=\"et_pb_module et_pb_text et_pb_text_1 et_pb_text_align_left et_pb_bg_layout_light\">\u00a0<\/div><\/div><div><p><strong>Liability for links: <\/strong>Our offer contains links to external websites of third parties, on whose content we have no influence. Therefore, we cannot accept any liability for any external content. The respective provider or operator of the site is always responsible for the content of the linked sites. The linked pages were checked for possible legal violations at the time of linking. Illegal content was not identified at the time of linking.However, a permanent control of the content of the linked pages is not reasonable without concrete evidence of a violation of the law. If we become aware of any infringements, we will remove such links immediately.<\/p><p><strong>Copyright: <\/strong>The content and works on these pages created by the site operators are subject to German copyright law. The reproduction, editing, distribution and any kind of use outside the limits of copyright law require the written consent of the respective author or creator. Downloads and copies of these pages are only permitted for private, non-commercial use.<\/p><\/div><\/div><p>Insofar as the content on this site was not created by the operator, the copyrights of third parties are observed. In particular, third-party content is identified as such. Should you nevertheless become aware of a copyright infringement, please inform us accordingly. If we become aware of any infringements, we will remove such content immediately.<\/p>\t\t\t\t\t\t\t\t<\/div>\n\t\t\t\t<\/div>\n\t\t\t\t\t<\/div>\n\t\t<\/div>\n\t\t\t\t<div class=\"elementor-column elementor-col-33 elementor-top-column elementor-element elementor-element-6f070ef8\" data-id=\"6f070ef8\" data-element_type=\"column\" data-e-type=\"column\">\n\t\t\t<div class=\"elementor-widget-wrap elementor-element-populated\">\n\t\t\t\t\t\t<div class=\"elementor-element elementor-element-69b1d547 elementor-widget elementor-widget-spacer\" data-id=\"69b1d547\" data-element_type=\"widget\" data-e-type=\"widget\" data-widget_type=\"spacer.default\">\n\t\t\t\t<div class=\"elementor-widget-container\">\n\t\t\t\t\t\t\t<div class=\"elementor-spacer\">\n\t\t\t<div class=\"elementor-spacer-inner\"><\/div>\n\t\t<\/div>\n\t\t\t\t\t\t<\/div>\n\t\t\t\t<\/div>\n\t\t\t\t<div class=\"elementor-element elementor-element-7874c85e elementor-widget elementor-widget-spacer\" data-id=\"7874c85e\" data-element_type=\"widget\" data-e-type=\"widget\" data-widget_type=\"spacer.default\">\n\t\t\t\t<div class=\"elementor-widget-container\">\n\t\t\t\t\t\t\t<div class=\"elementor-spacer\">\n\t\t\t<div class=\"elementor-spacer-inner\"><\/div>\n\t\t<\/div>\n\t\t\t\t\t\t<\/div>\n\t\t\t\t<\/div>\n\t\t\t\t\t<\/div>\n\t\t<\/div>\n\t\t\t\t\t<\/div>\n\t\t<\/section>\n\t\t\t\t<\/div>","protected":false},"excerpt":{"rendered":"<p>HELGE PETERSEN(Koordinator) mehr erfahren \u00dcber mich Helge Petersen studierte Soziologie, Politikwissenschaft und Politische Theorie in Kiel, Frankfurt am Main, Darmstadt, New York City und Glasgow. Von 2017 bis 2022 promovierte er am Fachbereich Soziologie der Universit\u00e4t Glasgow. In seiner Doktorarbeit untersuchte er die Dynamiken des staatlichen und politischen Umgangs mit rassistischer Gewalt in der britischen [&hellip;]<\/p>\n","protected":false},"author":1,"featured_media":0,"parent":0,"menu_order":0,"comment_status":"closed","ping_status":"closed","template":"","meta":{"footnotes":""},"class_list":["post-4514","page","type-page","status-publish","hentry"],"_links":{"self":[{"href":"https:\/\/international-network-populism.net\/en\/wp-json\/wp\/v2\/pages\/4514","targetHints":{"allow":["GET"]}}],"collection":[{"href":"https:\/\/international-network-populism.net\/en\/wp-json\/wp\/v2\/pages"}],"about":[{"href":"https:\/\/international-network-populism.net\/en\/wp-json\/wp\/v2\/types\/page"}],"author":[{"embeddable":true,"href":"https:\/\/international-network-populism.net\/en\/wp-json\/wp\/v2\/users\/1"}],"replies":[{"embeddable":true,"href":"https:\/\/international-network-populism.net\/en\/wp-json\/wp\/v2\/comments?post=4514"}],"version-history":[{"count":22,"href":"https:\/\/international-network-populism.net\/en\/wp-json\/wp\/v2\/pages\/4514\/revisions"}],"predecessor-version":[{"id":4587,"href":"https:\/\/international-network-populism.net\/en\/wp-json\/wp\/v2\/pages\/4514\/revisions\/4587"}],"wp:attachment":[{"href":"https:\/\/international-network-populism.net\/en\/wp-json\/wp\/v2\/media?parent=4514"}],"curies":[{"name":"wp","href":"https:\/\/api.w.org\/{rel}","templated":true}]}}